{"id":374,"date":"2023-10-04T10:06:11","date_gmt":"2023-10-04T09:06:11","guid":{"rendered":"https:\/\/miami.dualmind.com\/?page_id=374"},"modified":"2025-09-03T16:49:16","modified_gmt":"2025-09-03T20:49:16","slug":"servicio-angel-ti-chat-ayuda-informatica-soporte-ordenador-internet","status":"publish","type":"page","link":"https:\/\/miami.dualmind.com\/en\/servicio-angel-ti-chat-ayuda-informatica-soporte-ordenador-internet\/","title":{"rendered":"Angel II &#8211; Chat de ayuda y soporte r\u00e1pido con tu ordenador y con Internet"},"content":{"rendered":"<p>[et_pb_section fb_built=\u00bb1&#8243; fullwidth=\u00bbon\u00bb admin_label=\u00bbHero\u00bb _builder_version=\u00bb4.16&#8243; background_image=\u00bbhttps:\/\/miami.dualmind.com\/wp-content\/uploads\/2022\/04\/it-services-06.jpg\u00bb parallax=\u00bbon\u00bb custom_padding=\u00bb0px|0|0px|0px|false|false\u00bb global_colors_info=\u00bb{}\u00bb][et_pb_fullwidth_header title=\u00bbServicio %22\u00c1ngel IT%22&#8243; text_orientation=\u00bbcenter\u00bb admin_label=\u00bbFullwidth Header\u00bb _builder_version=\u00bb4.16&#8243; title_font=\u00bbShare Tech||||||||\u00bb title_text_align=\u00bbcenter\u00bb title_font_size=\u00bb80px\u00bb title_line_height=\u00bb1.2em\u00bb content_font=\u00bbOpen Sans||||||||\u00bb content_text_align=\u00bbcenter\u00bb content_font_size=\u00bb18px\u00bb content_line_height=\u00bb1.8em\u00bb background_color=\u00bbrgba(0,0,0,0)\u00bb use_background_color_gradient=\u00bbon\u00bb background_color_gradient_direction=\u00bb140deg\u00bb background_color_gradient_stops=\u00bbrgba(0,72,114,0.9) 0%|rgba(41,17,96,0.8) 100%\u00bb background_color_gradient_start=\u00bbrgba(0,72,114,0.9)\u00bb background_color_gradient_end=\u00bbrgba(41,17,96,0.8)\u00bb parallax=\u00bbon\u00bb parallax_method=\u00bbon\u00bb custom_button_one=\u00bbon\u00bb button_one_text_size=\u00bb15px\u00bb button_one_bg_color=\u00bb#ffa727&#8243; button_one_border_width=\u00bb15px\u00bb button_one_border_color=\u00bb#ffa727&#8243; button_one_border_radius=\u00bb100px\u00bb button_one_letter_spacing=\u00bb5px\u00bb button_one_font=\u00bbOpen Sans|700||on|||||\u00bb custom_margin=\u00bb|||\u00bb custom_padding=\u00bb0vw||0vw||true|\u00bb custom_padding_tablet=\u00bb100px||100px||true\u00bb custom_padding_phone=\u00bb|||\u00bb custom_padding_last_edited=\u00bbon|desktop\u00bb title_font_size_tablet=\u00bb60px\u00bb title_font_size_phone=\u00bb36px\u00bb title_font_size_last_edited=\u00bbon|phone\u00bb content_font_size_tablet=\u00bb\u00bb content_font_size_phone=\u00bb16px\u00bb content_font_size_last_edited=\u00bbon|phone\u00bb button_one_text_size_tablet=\u00bb\u00bb button_one_text_size_phone=\u00bb\u00bb button_one_text_size_last_edited=\u00bbon|desktop\u00bb button_one_border_color_hover=\u00bb#ff8a3d\u00bb button_one_border_radius_hover=\u00bb100px\u00bb button_one_letter_spacing_hover=\u00bb5px\u00bb button_one_bg_color_hover=\u00bb#ff8a3d\u00bb global_colors_info=\u00bb{}\u00bb button_one_text_size__hover_enabled=\u00bboff\u00bb button_two_text_size__hover_enabled=\u00bboff\u00bb button_one_text_color__hover_enabled=\u00bboff\u00bb button_two_text_color__hover_enabled=\u00bboff\u00bb button_one_border_width__hover_enabled=\u00bboff\u00bb button_two_border_width__hover_enabled=\u00bboff\u00bb button_one_border_color__hover_enabled=\u00bbon\u00bb button_one_border_color__hover=\u00bb#ff8a3d\u00bb button_two_border_color__hover_enabled=\u00bboff\u00bb button_one_border_radius__hover_enabled=\u00bbon\u00bb button_one_border_radius__hover=\u00bb100px\u00bb button_two_border_radius__hover_enabled=\u00bboff\u00bb button_one_letter_spacing__hover_enabled=\u00bbon\u00bb button_one_letter_spacing__hover=\u00bb5px\u00bb button_two_letter_spacing__hover_enabled=\u00bboff\u00bb button_one_bg_color__hover_enabled=\u00bbon\u00bb button_one_bg_color__hover=\u00bb#ff8a3d\u00bb button_two_bg_color__hover_enabled=\u00bboff\u00bb]<\/p>\n<div class=\"et_pb_header_content_wrapper\">\n<p>&nbsp;<\/p>\n<p>\u00bfCansado\/a de perder tiempo buscando respuestas a tus dudas diarias inform\u00e1ticas?<\/p>\n<p>\u00bfCu\u00e1ndo tu inform\u00e1tico te responde, ya has perdido mucho tiempo intentando resolverlo?\u00a0<\/p>\n<p>\u00bfPreocupado\/a por los riesgos de Internet?<\/p>\n<p>&nbsp;<\/p>\n<p>Tenemos la soluci\u00f3n perfecta para ti<\/p>\n<\/div>\n<p>[\/et_pb_fullwidth_header][\/et_pb_section][et_pb_section fb_built=\u00bb1&#8243; admin_label=\u00bbContact Info\u00bb _builder_version=\u00bb4.16&#8243; custom_padding=\u00bb9px|||||\u00bb global_colors_info=\u00bb{}\u00bb][et_pb_row _builder_version=\u00bb4.22.2&#8243; _module_preset=\u00bbdefault\u00bb global_colors_info=\u00bb{}\u00bb][et_pb_column type=\u00bb4_4&#8243; _builder_version=\u00bb4.22.2&#8243; _module_preset=\u00bbdefault\u00bb global_colors_info=\u00bb{}\u00bb][et_pb_text _builder_version=\u00bb4.22.2&#8243; _module_preset=\u00bbdefault\u00bb global_colors_info=\u00bb{}\u00bb]<\/p>\n<h4 class=\"ParagraphTextStyle\"><b>Ahorra Tiempo y Dinero con Nuestro Servicio \u00ab\u00c1ngel IT<\/b><o:p><\/o:p>\u00ab<\/h4>\n<p class=\"ParagraphTextStyle\">\u00bfCansado\/a de perder horas, incluso d\u00edas, tratando de resolver problemas inform\u00e1ticos? \u00bfSab\u00edas que ese tiempo perdido tambi\u00e9n es dinero perdido? Nuestro servicio de ayuda inform\u00e1tica \u00ab\u00c1ngel IT\u00bb est\u00e1 aqu\u00ed para cambiar eso.<o:p><\/o:p><\/p>\n<p class=\"ParagraphTextStyle\">Con la ayuda de nuestros expertos inform\u00e1ticos, puedes resolver tus problemas en un abrir y cerrar de ojos, permiti\u00e9ndote volver a tus tareas importantes mucho m\u00e1s r\u00e1pido. Esto no solo te ahorra tiempo, sino que tambi\u00e9n te ahorra dinero al aumentar tu productividad y minimizar el tiempo de inactividad.<o:p><\/o:p><\/p>\n<p class=\"ParagraphTextStyle\">Prueba nuestro servicio hoy y descubre c\u00f3mo podemos ayudarte a ahorrar tiempo y dinero.<o:p><\/o:p><\/p>\n<p class=\"ParagraphTextStyle\">\n<p class=\"ParagraphTextStyle\" style=\"text-align: center;\"><span style=\"font-size: large;\"><em><strong>Contacta ahora mismo: info @ dualmind.com \/ Tel. 305-686-7893<\/strong><\/em><\/span><\/p>\n<p>[\/et_pb_text][\/et_pb_column][\/et_pb_row][et_pb_row _builder_version=\u00bb4.16&#8243; custom_margin=\u00bb|||\u00bb custom_padding=\u00bb|||\u00bb locked=\u00bboff\u00bb global_colors_info=\u00bb{}\u00bb][et_pb_column type=\u00bb4_4&#8243; _builder_version=\u00bb4.16&#8243; custom_padding=\u00bb|||\u00bb global_colors_info=\u00bb{}\u00bb custom_padding__hover=\u00bb|||\u00bb][et_pb_text _builder_version=\u00bb4.22.2&#8243; _module_preset=\u00bbdefault\u00bb min_height=\u00bb390px\u00bb custom_margin=\u00bb6px|||||\u00bb global_colors_info=\u00bb{}\u00bb]<\/p>\n<p>Nuestro servicio de \u00ab<strong>\u00c1ngel IT\u00bb<\/strong> te ofrece ayuda personalizada y en tiempo real para tus necesidades inform\u00e1ticas. Ya sea que necesites ayuda con un software complicado, est\u00e9s lidiando con un virus molesto, o simplemente tengas una pregunta sobre tu dispositivo, nuestro experto est\u00e1 aqu\u00ed para ayudarte.<\/p>\n<p>Con nuestro servicio, puedes:<\/p>\n<ul>\n<li>&#x1f552; <strong>Ahorrar Tiempo:<\/strong> Olv\u00eddate de pasar horas buscando soluciones por Internet. Nuestro experto te proporcionar\u00e1 respuestas r\u00e1pidas y precisas, ahorr\u00e1ndote un tiempo valioso.<\/li>\n<li>&#x1f6e1;&#xfe0f; <strong>Evitar Problemas Graves:<\/strong> Si recibes un correo electr\u00f3nico o mensaje sospechoso, nuestro experto\/a te guiar\u00e1 sobre c\u00f3mo manejarlo de manera segura, evitando posibles amenazas a tu seguridad digital.<\/li>\n<li>&#x1f9e0; <strong>Aprender y Crecer:<\/strong> Nuestro experto\/a no solo resolver\u00e1 tus problemas, sino que tambi\u00e9n te explicar\u00e1 el proceso, ayud\u00e1ndote a entender mejor la tecnolog\u00eda y a ser m\u00e1s autosuficiente en el futuro.<\/li>\n<\/ul>\n<p>No permitas que las dudas inform\u00e1ticas te ralenticen o pongan en riesgo tu seguridad.<\/p>\n<p>&nbsp;<\/p>\n<p>Prueba el servicio de <strong>\u00ab\u00c1ngel IT\u00bb<\/strong> hoy mismo y experimenta la tranquilidad de tener un experto a tu lado.<\/p>\n<p>&nbsp;<\/p>\n<p>[\/et_pb_text][\/et_pb_column][\/et_pb_row][\/et_pb_section]<\/p>\n","protected":false},"excerpt":{"rendered":"<p>&nbsp; \u00bfCansado\/a de perder tiempo buscando respuestas a tus dudas diarias inform\u00e1ticas? \u00bfCu\u00e1ndo tu inform\u00e1tico te responde, ya has perdido mucho tiempo intentando resolverlo?\u00a0 \u00bfPreocupado\/a por los riesgos de Internet? &nbsp; Tenemos la soluci\u00f3n perfecta para ti Ahorra Tiempo y Dinero con Nuestro Servicio \u00ab\u00c1ngel IT\u00bb \u00bfCansado\/a de perder horas, incluso d\u00edas, tratando de resolver [&hellip;]<\/p>\n","protected":false},"author":1,"featured_media":0,"parent":0,"menu_order":0,"comment_status":"closed","ping_status":"closed","template":"","meta":{"_et_pb_use_builder":"on","_et_pb_old_content":"","_et_gb_content_width":"","footnotes":""},"class_list":["post-374","page","type-page","status-publish","hentry"],"jetpack_sharing_enabled":true,"_links":{"self":[{"href":"https:\/\/miami.dualmind.com\/en\/wp-json\/wp\/v2\/pages\/374","targetHints":{"allow":["GET"]}}],"collection":[{"href":"https:\/\/miami.dualmind.com\/en\/wp-json\/wp\/v2\/pages"}],"about":[{"href":"https:\/\/miami.dualmind.com\/en\/wp-json\/wp\/v2\/types\/page"}],"author":[{"embeddable":true,"href":"https:\/\/miami.dualmind.com\/en\/wp-json\/wp\/v2\/users\/1"}],"replies":[{"embeddable":true,"href":"https:\/\/miami.dualmind.com\/en\/wp-json\/wp\/v2\/comments?post=374"}],"version-history":[{"count":0,"href":"https:\/\/miami.dualmind.com\/en\/wp-json\/wp\/v2\/pages\/374\/revisions"}],"wp:attachment":[{"href":"https:\/\/miami.dualmind.com\/en\/wp-json\/wp\/v2\/media?parent=374"}],"curies":[{"name":"wp","href":"https:\/\/api.w.org\/{rel}","templated":true}]}}